{"id":2662,"date":"2025-02-17T07:42:36","date_gmt":"2025-02-17T06:42:36","guid":{"rendered":"https:\/\/fishermansfriendloyalty.com\/anmeldung\/"},"modified":"2025-02-17T07:42:36","modified_gmt":"2025-02-17T06:42:36","slug":"anmeldung","status":"publish","type":"page","link":"https:\/\/fishermansfriendloyalty.com\/de\/anmeldung\/","title":{"rendered":"Anmeldung"},"content":{"rendered":"[user_registration_form id=&#8220;1064&#8243;]\n<p>&nbsp;<\/p>\n<div class=\"woocommerce\">\n\t<div class=\"woocommerce-notices-wrapper\"><\/div>\t<form method=\"post\" class=\"woocommerce-form woocommerce-form-register register tgwcfb-register\"  >\n\t\t\t\t\n<!-- DEBUG: PLUGIN TEMPLATE LOADED - USING SETTINGS -->\n<h2 class=\"membership-title wp-block-heading\">Deine exklusive Mitgliedschaft<\/h2>\n<div class=\"form-content-row\">\n    <div class=\"left-text\">\n        <p>Werde exklusives Mitglied des Fisherman`s Friend Loyalty Club und profitiere von besonderen Angeboten. F\u00fcr deine Mitgliedschaft musst du lediglich der Verwendung deiner Daten zu Marketingzwecken zustimmen.<\/p>\n\n        <div class=\"benefit-text-mobile\">\n            <p><b>Deine Vorteile<\/b><\/p>\n            <ul>\n                <li>10% Rabatt-Gutschein f\u00fcr deine erste Bestellung<\/li><li>Exklusive kostenlose Geschenkartikel<\/li><li>Als Erste Informationen \u00fcber begrenzte Angebote erhalten<\/li>            <\/ul>\n        <\/div>\n        <p id=\"membership_checkbox_field\" class=\"form-row field-width-100 flex-100 custom-register-check\">\n            <label style=\"display: none;\">Ich erkl\u00e4re hiermit ausdr\u00fccklich mein Einverst\u00e4ndnis, dass meine E-Mail-Adresse, mein Vorname und das Land meiner Wohnadresse auch an Fisherman&#039;s Friend weitergegeben werden d\u00fcrfen, damit Fisherman&#039;s Friend mich mit Hilfe dieser personenbezogenen Daten (ebenfalls) kontaktieren kann, insbesondere mir Werbung per E-Mail zusenden kann. Diese Einwilligung kann jederzeit gegen\u00fcber Brand Loyalty Solution oder Fisherman&#039;s Friend widerrufen werden, zum Beispiel durch Anklicken der entsprechenden Checkbox in deinem Benutzerkonto.<\/label>\n            <span class=\"tgwcfb-options\">\n                <span class=\"tgwcfb-option\">\n                    <input id=\"membership_checkbox\" name=\"membership_checkbox\" type=\"checkbox\" value=\"1\" >\n                    <label class=\"tgwcfb-checkbox-label\" for=\"membership_checkbox\">Kundenkonto erstellen<\/label>\n                <\/span>\n            <\/span>\n            <span class=\"input-description\">Ich erkl\u00e4re hiermit ausdr\u00fccklich mein Einverst\u00e4ndnis, dass meine E-Mail-Adresse, mein Vorname und das Land meiner Wohnadresse auch an Fisherman&#039;s Friend weitergegeben werden d\u00fcrfen, damit Fisherman&#039;s Friend mich mit Hilfe dieser personenbezogenen Daten (ebenfalls) kontaktieren kann, insbesondere mir Werbung per E-Mail zusenden kann. Diese Einwilligung kann jederzeit gegen\u00fcber Brand Loyalty Solution oder Fisherman&#039;s Friend widerrufen werden, zum Beispiel durch Anklicken der entsprechenden Checkbox in deinem Benutzerkonto.<\/span>\n        <\/p>\n    <\/div>\n    <div class=\"right-text\">\n        <p><b>Deine Vorteile<\/b><\/p>\n        <ul>\n            <li>10% Rabatt-Gutschein f\u00fcr deine erste Bestellung<\/li><li>Exklusive kostenlose Geschenkartikel<\/li><li>Als Erste Informationen \u00fcber begrenzte Angebote erhalten<\/li>        <\/ul>\n    <\/div>\n<\/div>\t\t\n<p id=\"reg_username_field\" class=\"form-row field-width-100\"><label for=\"reg_username\">Username <span class=\"required\">*<\/span><\/label><input type=\"text\" placeholder=\"\" class=\"input-text\" name=\"username\" id=\"reg_username\" autocomplete=\"username\"\/><\/p>\n\n\n\n<p id=\"reg_email_field\" class=\"form-row field-width-100\"><label for=\"reg_email\">Email address <span class=\"required\">*<\/span><\/label><input type=\"email\" placeholder=\"\" class=\"input-text\" name=\"email\" id=\"reg_email\" autocomplete=\"email\"\/><\/p>\n\n\n\n<p id=\"reg_password_field\" class=\"form-row field-width-100\"><label for=\"reg_password\">Password <span class=\"required\">*<\/span><\/label><span class=\"password-input\"><input type=\"password\" placeholder=\"\" class=\"input-text\" name=\"password\" id=\"reg_password\" autocomplete=\"new-password\"\/><\/span><\/p>\n\n\n\n<p id=\"input_f67ab7cc_field\" class=\"form-row field-width-100 registration-birthday\"><label for=\"input_f67ab7cc\">Input <\/label><input type=\"text\" placeholder=\"\" class=\"input-text\" name=\"input_f67ab7cc\" id=\"input_f67ab7cc\"\/><\/p>\n\n\n\n<p id=\"separate_shipping_field\" class=\"form-row field-width-100\"><label for=\"separate_shipping\" style=\"display:none\"><input type=\"checkbox\" class=\"input-text\" name=\"separate_shipping\" id=\"separate_shipping\"\/>Ship to different address <span class=\"required\">*<\/span><\/label><span class=\"input-description\">asaasasasasasasa<\/span><\/p>\n\n\n\n<p id=\"shipping_city_field\" class=\"form-row field-width-100 address-field \"><label for=\"shipping_city\">City <\/label><input type=\"text\" placeholder=\"\" class=\"input-text\" name=\"shipping_city\" id=\"shipping_city\" autocomplete=\"address-level2\"\/><\/p>\n\n\n\n<p id=\"billing_country_field\" class=\"form-row field-width-100 address-field\"><label for=\"billing_country\">Country <\/label><select class=\"billing_country_select\" name=\"billing_country\" id=\"billing_country\" tabindex=\"-1\" aria-hidden=\"true\" data-placeholder=\"Select a country \/ region\u2026\" autocomplete=\"country\"><option value=\"\" selected>Select a country \/ region\u2026<\/option><option value=\"DE\">Germany<\/option><option value=\"NL\">Netherlands<\/option><option value=\"CH\">Switzerland<\/option><option value=\"AT\">Austria<\/option><\/select><\/p>\n\n\n\n<p id=\"checkbox_86defd03_field\" class=\"form-row field-width-100\"><label>Checkbox <\/label><span class=\"tgwcfb-options\"><span class=\"tgwcfb-option\"><input type=\"checkbox\" value=\"Abc1\" name=\"checkbox_86defd03[]\" id=\"checkbox_86defd03_abc1\"\/><label class=\"tgwcfb-checkbox-label\" for=\"checkbox_86defd03_abc1\">Abc1<\/label><\/span><span class=\"tgwcfb-option\"><input type=\"checkbox\" value=\"Abc  36542\" name=\"checkbox_86defd03[]\" id=\"checkbox_86defd03_abc_ 36542\"\/><label class=\"tgwcfb-checkbox-label\" for=\"checkbox_86defd03_abc_ 36542\">Abc  36542<\/label><\/span><\/span><\/p>\n\n\n\n<p><\/p>\n\t\t\t\t<div class=\"woocommerce-form-row form-row\">\n\t\t\t<input type=\"hidden\" id=\"woocommerce-register-nonce\" name=\"woocommerce-register-nonce\" value=\"754fc4b755\" \/><input type=\"hidden\" name=\"_wp_http_referer\" value=\"\/de\/wp-json\/wp\/v2\/pages\/2662\" \/>\t\t\t<input type=\"hidden\" id=\"tgwcfb-register-nonce\" name=\"tgwcfb-register-nonce\" value=\"3a5ebcafef\" \/><input type=\"hidden\" name=\"_wp_http_referer\" value=\"\/de\/wp-json\/wp\/v2\/pages\/2662\" \/>\t\t\t<input type=\"hidden\" name=\"tgwcfb_id\" value=\"1169\">\n\t\t\t\t\t\t<button type=\"submit\" class=\"woocommerce-Button woocommerce-button button woocommerce-form-register__submit\" name=\"register\" value=\"Registrieren Sie sich\">Registrieren Sie sich<\/button>\n\t\t<\/div>\n\t\t\t<\/form>\n\t<\/div>\n\n\n","protected":false},"excerpt":{"rendered":"<p>[user_registration_form id=&#8220;1064&#8243;] &nbsp;<\/p>\n","protected":false},"author":1,"featured_media":0,"parent":0,"menu_order":0,"comment_status":"closed","ping_status":"closed","template":"","meta":{"inline_featured_image":false,"slim_seo":{"title":"Anmeldung - Fisherman\u2019s Friend Loyalty Club","description":"[user_registration_form id=\"1064\"] &nbsp; Deine exklusive Mitgliedschaft Werde exklusives Mitglied des Fisherman`s Friend Loyalty Club und profitiere von besond"},"footnotes":""},"class_list":["post-2662","page","type-page","status-publish"],"jetpack_sharing_enabled":true,"_links":{"self":[{"href":"https:\/\/fishermansfriendloyalty.com\/de\/wp-json\/wp\/v2\/pages\/2662","targetHints":{"allow":["GET"]}}],"collection":[{"href":"https:\/\/fishermansfriendloyalty.com\/de\/wp-json\/wp\/v2\/pages"}],"about":[{"href":"https:\/\/fishermansfriendloyalty.com\/de\/wp-json\/wp\/v2\/types\/page"}],"author":[{"embeddable":true,"href":"https:\/\/fishermansfriendloyalty.com\/de\/wp-json\/wp\/v2\/users\/1"}],"replies":[{"embeddable":true,"href":"https:\/\/fishermansfriendloyalty.com\/de\/wp-json\/wp\/v2\/comments?post=2662"}],"version-history":[{"count":0,"href":"https:\/\/fishermansfriendloyalty.com\/de\/wp-json\/wp\/v2\/pages\/2662\/revisions"}],"wp:attachment":[{"href":"https:\/\/fishermansfriendloyalty.com\/de\/wp-json\/wp\/v2\/media?parent=2662"}],"curies":[{"name":"wp","href":"https:\/\/api.w.org\/{rel}","templated":true}]}}