{"id":1672,"date":"2025-05-08T15:04:06","date_gmt":"2025-05-08T13:04:06","guid":{"rendered":"https:\/\/fishermansfriendloyalty.com\/tut-mir-leid-unsere-produkte-sind-in-ihrem-land-nicht-erhaeltlich\/"},"modified":"2025-06-17T15:55:36","modified_gmt":"2025-06-17T13:55:36","slug":"tut-uns-leid-unsere-produkte-sind-in-deinem-land-nicht-erhaeltlich","status":"publish","type":"page","link":"https:\/\/fishermansfriendloyalty.com\/de\/tut-uns-leid-unsere-produkte-sind-in-deinem-land-nicht-erhaeltlich\/","title":{"rendered":"Tut uns leid. Unsere Produkte sind in deinem Land nicht erh\u00e4ltlich."},"content":{"rendered":"<h1>Tut uns leid.<\/h1>\n<p><strong>Der Fisherman`s Friend Loyalty Club und das hiermit verbundene Leistungsangebot, wie u.a. die Produkte in unserem Onlineshop, ist derzeit nur f\u00fcr einzelne L\u00e4nder verf\u00fcgbar.<\/strong><\/p>\n<p>Leider besuchst du unsere Seite aus einem Land, in welchem wir die Leistungen noch nicht freigeschaltet haben oder unsere Produkte im Shop derzeit nicht liefern k\u00f6nnen.<br \/>\nWenn du weitere Fragen haben solltest oder eine individuelle Kaufoption pr\u00fcfen m\u00f6chtest, kontaktieren uns gerne direkt.<\/p>\n","protected":false},"excerpt":{"rendered":"<p>Tut uns leid. Der Fisherman`s Friend Loyalty Club und das hiermit verbundene Leistungsangebot, wie u.a. die Produkte in unserem Onlineshop, ist derzeit nur f\u00fcr einzelne L\u00e4nder verf\u00fcgbar. Leider besuchst du&#8230;<\/p>\n","protected":false},"author":3,"featured_media":0,"parent":0,"menu_order":0,"comment_status":"closed","ping_status":"closed","template":"","meta":{"inline_featured_image":false,"slim_seo":{"title":"Tut uns leid. Unsere Produkte sind in deinem Land nicht erh\u00e4ltlich. - Fisherman\u2019s Friend Loyalty Club","description":"Tut uns leid. Der Fisherman`s Friend Loyalty Club und das hiermit verbundene Leistungsangebot, wie u.a. die Produkte in unserem Onlineshop, ist derzeit nur f\u00fcr"},"footnotes":""},"class_list":["post-1672","page","type-page","status-publish"],"jetpack_sharing_enabled":true,"_links":{"self":[{"href":"https:\/\/fishermansfriendloyalty.com\/de\/wp-json\/wp\/v2\/pages\/1672","targetHints":{"allow":["GET"]}}],"collection":[{"href":"https:\/\/fishermansfriendloyalty.com\/de\/wp-json\/wp\/v2\/pages"}],"about":[{"href":"https:\/\/fishermansfriendloyalty.com\/de\/wp-json\/wp\/v2\/types\/page"}],"author":[{"embeddable":true,"href":"https:\/\/fishermansfriendloyalty.com\/de\/wp-json\/wp\/v2\/users\/3"}],"replies":[{"embeddable":true,"href":"https:\/\/fishermansfriendloyalty.com\/de\/wp-json\/wp\/v2\/comments?post=1672"}],"version-history":[{"count":6,"href":"https:\/\/fishermansfriendloyalty.com\/de\/wp-json\/wp\/v2\/pages\/1672\/revisions"}],"predecessor-version":[{"id":3195,"href":"https:\/\/fishermansfriendloyalty.com\/de\/wp-json\/wp\/v2\/pages\/1672\/revisions\/3195"}],"wp:attachment":[{"href":"https:\/\/fishermansfriendloyalty.com\/de\/wp-json\/wp\/v2\/media?parent=1672"}],"curies":[{"name":"wp","href":"https:\/\/api.w.org\/{rel}","templated":true}]}}