{"id":1432,"date":"2025-04-18T12:59:16","date_gmt":"2025-04-18T10:59:16","guid":{"rendered":"https:\/\/fishermansfriendloyalty.com\/?page_id=1432"},"modified":"2025-06-13T14:34:34","modified_gmt":"2025-06-13T12:34:34","slug":"versand-zahlung","status":"publish","type":"page","link":"https:\/\/fishermansfriendloyalty.com\/de\/versand-zahlung\/","title":{"rendered":"Versand &amp; Bezahlung"},"content":{"rendered":"<h1>Versand &amp; Bezahlung<\/h1>\n<p>&nbsp;<\/p>\n<p><strong>Zahlungsbedingungen:<\/strong><br \/>\nAus folgenden Zahlungsm\u00f6glichkeiten f\u00fcr Lieferungen innerhalb Deutschlands, \u00d6sterreich und den Niederlanden kannst du w\u00e4hlen:<\/p>\n<ul>\n<li>Zahlung per Kreditkarte<\/li>\n<li>Zahlung per PayPal<\/li>\n<li>Zahlung per Klarna<\/li>\n<\/ul>\n<p><strong>Zahlungshinweis:<\/strong><br \/>\nBitte beachten Sie, dass wir die Ware erst nach Zahlungseingang versenden k\u00f6nnen.<\/p>\n<p><strong>Versandbedingungen:<\/strong><br \/>\nWir versenden unsere Waren aktuell ausschlie\u00dflich innerhalb Deutschlands sowie nach \u00d6sterreich und in die Niederlande.<\/p>\n<p><strong>Lieferungen im Inland (Deutschland):<\/strong><br \/>\nWir berechnen die Versandkosten innerhalb von Deutschland pauschal wie folgt: 4,95 EUR<\/p>\n<p><strong>Lieferungen in EU-L\u00e4nder:<\/strong><br \/>\nWir berechnen die Versandkosten in EU-L\u00e4nder (derzeit nur \u00d6sterreich und Niederlande) pauschal wie folgt: 7,95 EUR<\/p>\n<p><strong>Lieferungen in Nicht-EU L\u00e4nder (Rest der Welt):<\/strong><br \/>\nBestellung und Versand in Nicht-EU L\u00e4nder ist aktuell nicht m\u00f6glich.<\/p>\n<p>Die Zustellung Ihrer Bestellung erfolgt \u00fcber DHL oder UPS.<\/p>\n<p><strong>Lieferzeiten:<\/strong><br \/>\nDie Lieferzeiten variieren je nach Zielort und Verf\u00fcgbarkeit der Ware. In der Regel erhalten Sie Ihre Bestellung innerhalb 3-5 Werktagen nach Zahlungseingang f\u00fcr Lieferungen innerhalb Deutschlands.<br \/>\nF\u00fcr Lieferungen nach \u00d6sterreich und in die Niederlande kann die Lieferzeit 5-7 Werktage betragen.<\/p>\n<p>Die angegebenen Lieferzeiten sind unverbindlich.<\/p>\n","protected":false},"excerpt":{"rendered":"<p>Versand &amp; Bezahlung &nbsp; Zahlungsbedingungen: Aus folgenden Zahlungsm\u00f6glichkeiten f\u00fcr Lieferungen innerhalb Deutschlands, \u00d6sterreich und den Niederlanden kannst du w\u00e4hlen: Zahlung per Kreditkarte Zahlung per PayPal Zahlung per Klarna Zahlungshinweis: Bitte&#8230;<\/p>\n","protected":false},"author":2,"featured_media":0,"parent":0,"menu_order":0,"comment_status":"closed","ping_status":"closed","template":"","meta":{"inline_featured_image":false,"slim_seo":{"title":"Versand &amp; Bezahlung - Fisherman\u2019s Friend Loyalty Club","description":"Versand &amp; Bezahlung &nbsp; Zahlungsbedingungen: Aus folgenden Zahlungsm\u00f6glichkeiten f\u00fcr Lieferungen innerhalb Deutschlands, \u00d6sterreich und den Niederlanden"},"footnotes":""},"class_list":["post-1432","page","type-page","status-publish"],"jetpack_sharing_enabled":true,"_links":{"self":[{"href":"https:\/\/fishermansfriendloyalty.com\/de\/wp-json\/wp\/v2\/pages\/1432","targetHints":{"allow":["GET"]}}],"collection":[{"href":"https:\/\/fishermansfriendloyalty.com\/de\/wp-json\/wp\/v2\/pages"}],"about":[{"href":"https:\/\/fishermansfriendloyalty.com\/de\/wp-json\/wp\/v2\/types\/page"}],"author":[{"embeddable":true,"href":"https:\/\/fishermansfriendloyalty.com\/de\/wp-json\/wp\/v2\/users\/2"}],"replies":[{"embeddable":true,"href":"https:\/\/fishermansfriendloyalty.com\/de\/wp-json\/wp\/v2\/comments?post=1432"}],"version-history":[{"count":6,"href":"https:\/\/fishermansfriendloyalty.com\/de\/wp-json\/wp\/v2\/pages\/1432\/revisions"}],"predecessor-version":[{"id":2981,"href":"https:\/\/fishermansfriendloyalty.com\/de\/wp-json\/wp\/v2\/pages\/1432\/revisions\/2981"}],"wp:attachment":[{"href":"https:\/\/fishermansfriendloyalty.com\/de\/wp-json\/wp\/v2\/media?parent=1432"}],"curies":[{"name":"wp","href":"https:\/\/api.w.org\/{rel}","templated":true}]}}